{"id":556,"date":"2023-04-11T17:47:55","date_gmt":"2023-04-11T15:47:55","guid":{"rendered":"https:\/\/hotel-tinsouline-zagora.com\/?page_id=556"},"modified":"2023-12-03T12:50:34","modified_gmt":"2023-12-03T11:50:34","slug":"notre-histoire","status":"publish","type":"page","link":"https:\/\/hotel-tinsouline-zagora.com\/en\/notre-histoire\/","title":{"rendered":"Our story"},"content":{"rendered":"<div data-elementor-type=\"wp-page\" data-elementor-id=\"556\" class=\"elementor elementor-556\">\n\t\t\t\t\t\t<section class=\"penci-section penci-dmcheck penci-elbg-activate penci-disSticky penci-structure-10 elementor-section elementor-top-section elementor-element elementor-element-50d72ea6 elementor-section-boxed elementor-section-height-default elementor-section-height-default\" data-id=\"50d72ea6\" data-element_type=\"section\" data-settings=\"{&quot;background_background&quot;:&quot;classic&quot;}\">\n\t\t\t\t\t\t<div class=\"elementor-container elementor-column-gap-no\">\n\t\t\t\t\t<div class=\"penci-ercol-100 penci-ercol-order-1 penci-sticky-ct    elementor-column elementor-col-100 elementor-top-column elementor-element elementor-element-186d03\" data-id=\"186d03\" data-element_type=\"column\">\n\t\t\t<div class=\"elementor-widget-wrap elementor-element-populated\">\n\t\t\t\t\t\t<div class=\"elementor-element elementor-element-7e3b2b84 elementor-widget elementor-widget-penci-fancy_heading\" data-id=\"7e3b2b84\" data-element_type=\"widget\" data-widget_type=\"penci-fancy_heading.default\">\n\t\t\t\t<div class=\"elementor-widget-container\">\n\t\t\t\t\t<div class=\"penci-fancy-heading penci-heading-text-center\">\r\n\t\t\t<div class=\"penci-fancy-heading-inner\">\r\n\t\t\t\t<h2 class=\"penci-heading-title\"><span class=\"inner-tit\">Discover our history<\/span><\/h2><div class=\"penci-separator penci-separator- penci-separator-center\"><span class=\"penci-sep_holder penci-sep_holder_l\"><span class=\"penci-sep_line\"><\/span><\/span><span class=\"penci-sep_holder penci-sep_holder_r\"><span class=\"penci-sep_line\"><\/span><\/span><\/div>\t\t\t<\/div>\r\n\t\t<\/div>\r\n\t\t\t\t<\/div>\n\t\t\t\t<\/div>\n\t\t\t\t\t<\/div>\n\t\t<\/div>\n\t\t\t\t\t<\/div>\n\t\t<\/section>\n\t\t\t\t<section class=\"penci-section penci-disSticky penci-structure-20 elementor-section elementor-top-section elementor-element elementor-element-5e187443 elementor-section-full_width elementor-section-content-middle elementor-section-height-default elementor-section-height-default\" data-id=\"5e187443\" data-element_type=\"section\">\n\t\t\t\t\t\t<div class=\"elementor-container elementor-column-gap-no\">\n\t\t\t\t\t<div class=\"penci-ercol-50 penci-ercol-order-1 penci-sticky-ct    elementor-column elementor-col-50 elementor-top-column elementor-element elementor-element-22a30b3d\" data-id=\"22a30b3d\" data-element_type=\"column\">\n\t\t\t<div class=\"elementor-widget-wrap elementor-element-populated\">\n\t\t\t\t\t\t<div class=\"elementor-element elementor-element-542a9653 elementor-widget elementor-widget-penci-fancy_heading\" data-id=\"542a9653\" data-element_type=\"widget\" data-widget_type=\"penci-fancy_heading.default\">\n\t\t\t\t<div class=\"elementor-widget-container\">\n\t\t\t\t\t<div class=\"penci-fancy-heading penci-heading-text-left\">\r\n\t\t\t<div class=\"penci-fancy-heading-inner\">\r\n\t\t\t\t<div class=\"penci-heading-subtitle\">\nDiscover Le Tinsouline\n\n<\/div><h2 class=\"penci-heading-title\"><span class=\"inner-tit\">A real story\n<\/span><\/h2><div class=\"penci-separator penci-separator- penci-separator-left\"><span class=\"penci-sep_holder penci-sep_holder_l\"><span class=\"penci-sep_line\"><\/span><\/span><span class=\"penci-sep_holder penci-sep_holder_r\"><span class=\"penci-sep_line\"><\/span><\/span><\/div><div class=\"penci-heading-content entry-content\"><p>The hotel still retains its luxurious appearance crowned by a charm born naturally from its location in the middle of a pleasant palm grove.<\/p>\n<\/div>\t\t\t<\/div>\r\n\t\t<\/div>\r\n\t\t\t\t<\/div>\n\t\t\t\t<\/div>\n\t\t\t\t\t<\/div>\n\t\t<\/div>\n\t\t\t\t<div class=\"penci-ercol-50 penci-ercol-order-2 penci-sticky-ct    elementor-column elementor-col-50 elementor-top-column elementor-element elementor-element-5fe40396\" data-id=\"5fe40396\" data-element_type=\"column\">\n\t\t\t<div class=\"elementor-widget-wrap elementor-element-populated\">\n\t\t\t\t\t\t<div class=\"elementor-element elementor-element-356d4ac4 elementor-widget elementor-widget-image\" data-id=\"356d4ac4\" data-element_type=\"widget\" data-widget_type=\"image.default\">\n\t\t\t\t<div class=\"elementor-widget-container\">\n\t\t\t<style>\/*! elementor - v3.19.0 - 28-02-2024 *\/\n.elementor-widget-image{text-align:center}.elementor-widget-image a{display:inline-block}.elementor-widget-image a img[src$=\".svg\"]{width:48px}.elementor-widget-image img{vertical-align:middle;display:inline-block}<\/style>\t\t\t\t\t\t\t\t\t\t<img fetchpriority=\"high\" decoding=\"async\" width=\"1024\" height=\"683\" src=\"https:\/\/hotel-tinsouline-zagora.com\/wp-content\/uploads\/2023\/04\/hotel-zagora-le-tinsouline-IMG_0624-1024x683.jpg\" class=\"attachment-large size-large wp-image-493\" alt=\"\" srcset=\"https:\/\/hotel-tinsouline-zagora.com\/wp-content\/uploads\/2023\/04\/hotel-zagora-le-tinsouline-IMG_0624-1024x683.jpg 1024w, https:\/\/hotel-tinsouline-zagora.com\/wp-content\/uploads\/2023\/04\/hotel-zagora-le-tinsouline-IMG_0624-300x200.jpg 300w, https:\/\/hotel-tinsouline-zagora.com\/wp-content\/uploads\/2023\/04\/hotel-zagora-le-tinsouline-IMG_0624-768x512.jpg 768w, https:\/\/hotel-tinsouline-zagora.com\/wp-content\/uploads\/2023\/04\/hotel-zagora-le-tinsouline-IMG_0624-1536x1024.jpg 1536w, https:\/\/hotel-tinsouline-zagora.com\/wp-content\/uploads\/2023\/04\/hotel-zagora-le-tinsouline-IMG_0624-1170x780.jpg 1170w, https:\/\/hotel-tinsouline-zagora.com\/wp-content\/uploads\/2023\/04\/hotel-zagora-le-tinsouline-IMG_0624-585x390.jpg 585w, https:\/\/hotel-tinsouline-zagora.com\/wp-content\/uploads\/2023\/04\/hotel-zagora-le-tinsouline-IMG_0624-263x175.jpg 263w, https:\/\/hotel-tinsouline-zagora.com\/wp-content\/uploads\/2023\/04\/hotel-zagora-le-tinsouline-IMG_0624.jpg 1800w\" sizes=\"(max-width: 1024px) 100vw, 1024px\" \/>\t\t\t\t\t\t\t\t\t\t\t\t\t<\/div>\n\t\t\t\t<\/div>\n\t\t\t\t\t<\/div>\n\t\t<\/div>\n\t\t\t\t\t<\/div>\n\t\t<\/section>\n\t\t\t\t<section class=\"penci-section penci-disSticky penci-structure-20 elementor-section elementor-top-section elementor-element elementor-element-2f6095dd elementor-section-full_width elementor-section-content-middle elementor-section-height-default elementor-section-height-default\" data-id=\"2f6095dd\" data-element_type=\"section\">\n\t\t\t\t\t\t<div class=\"elementor-container elementor-column-gap-no\">\n\t\t\t\t\t<div class=\"penci-ercol-50 penci-ercol-order-1 penci-sticky-ct    elementor-column elementor-col-50 elementor-top-column elementor-element elementor-element-12e8c57f\" data-id=\"12e8c57f\" data-element_type=\"column\">\n\t\t\t<div class=\"elementor-widget-wrap elementor-element-populated\">\n\t\t\t\t\t\t<div class=\"elementor-element elementor-element-518e86ac elementor-widget elementor-widget-image\" data-id=\"518e86ac\" data-element_type=\"widget\" data-widget_type=\"image.default\">\n\t\t\t\t<div class=\"elementor-widget-container\">\n\t\t\t\t\t\t\t\t\t\t\t\t\t<img decoding=\"async\" width=\"1024\" height=\"585\" src=\"https:\/\/hotel-tinsouline-zagora.com\/wp-content\/uploads\/2023\/04\/chambre-hotel-desert-zagora-maroc-1024x585.jpg\" class=\"attachment-large size-large wp-image-395\" alt=\"\" srcset=\"https:\/\/hotel-tinsouline-zagora.com\/wp-content\/uploads\/2023\/04\/chambre-hotel-desert-zagora-maroc-1024x585.jpg 1024w, https:\/\/hotel-tinsouline-zagora.com\/wp-content\/uploads\/2023\/04\/chambre-hotel-desert-zagora-maroc-300x171.jpg 300w, https:\/\/hotel-tinsouline-zagora.com\/wp-content\/uploads\/2023\/04\/chambre-hotel-desert-zagora-maroc-768x439.jpg 768w, https:\/\/hotel-tinsouline-zagora.com\/wp-content\/uploads\/2023\/04\/chambre-hotel-desert-zagora-maroc-1170x669.jpg 1170w, https:\/\/hotel-tinsouline-zagora.com\/wp-content\/uploads\/2023\/04\/chambre-hotel-desert-zagora-maroc-585x334.jpg 585w, https:\/\/hotel-tinsouline-zagora.com\/wp-content\/uploads\/2023\/04\/chambre-hotel-desert-zagora-maroc.jpg 1400w\" sizes=\"(max-width: 1024px) 100vw, 1024px\" \/>\t\t\t\t\t\t\t\t\t\t\t\t\t<\/div>\n\t\t\t\t<\/div>\n\t\t\t\t\t<\/div>\n\t\t<\/div>\n\t\t\t\t<div class=\"penci-ercol-50 penci-ercol-order-2 penci-sticky-ct  penci-dmcheck penci-elbg-activate  elementor-column elementor-col-50 elementor-top-column elementor-element elementor-element-31647066\" data-id=\"31647066\" data-element_type=\"column\" data-settings=\"{&quot;background_background&quot;:&quot;classic&quot;}\">\n\t\t\t<div class=\"elementor-widget-wrap elementor-element-populated\">\n\t\t\t\t\t\t<div class=\"elementor-element elementor-element-74752fa2 elementor-widget elementor-widget-penci-fancy_heading\" data-id=\"74752fa2\" data-element_type=\"widget\" data-widget_type=\"penci-fancy_heading.default\">\n\t\t\t\t<div class=\"elementor-widget-container\">\n\t\t\t\t\t<div class=\"penci-fancy-heading penci-heading-text-left\">\r\n\t\t\t<div class=\"penci-fancy-heading-inner\">\r\n\t\t\t\t<div class=\"penci-heading-subtitle\">Recent Renovations<\/div><h2 class=\"penci-heading-title\"><span class=\"inner-tit\">For a warm and comfortable welcome <\/span><\/h2><div class=\"penci-separator penci-separator- penci-separator-left\"><span class=\"penci-sep_holder penci-sep_holder_l\"><span class=\"penci-sep_line\"><\/span><\/span><span class=\"penci-sep_holder penci-sep_holder_r\"><span class=\"penci-sep_line\"><\/span><\/span><\/div><div class=\"penci-heading-content entry-content\"><p>Today, the hotel has undergone significant renovations, particularly in terms of accommodation (bathrooms, decor) and facilities (corridors, carpets, communal areas), making it much more welcoming and comfortable. Ksar Tinsouline is also a human treasure represented by a staff that loves their establishment.<\/p>\n<\/div>\t\t\t<\/div>\r\n\t\t<\/div>\r\n\t\t\t\t<\/div>\n\t\t\t\t<\/div>\n\t\t\t\t<div class=\"elementor-element elementor-element-53bf23fd elementor-align-left elementor-widget elementor-widget-button\" data-id=\"53bf23fd\" data-element_type=\"widget\" data-widget_type=\"button.default\">\n\t\t\t\t<div class=\"elementor-widget-container\">\n\t\t\t\t\t<div class=\"elementor-button-wrapper\">\n\t\t\t<a class=\"elementor-button elementor-button-link elementor-size-lg\" href=\"\/en\/#resatinsouline\">\n\t\t\t\t\t\t<span class=\"elementor-button-content-wrapper\">\n\t\t\t\t\t\t<span class=\"elementor-button-icon elementor-align-icon-left\">\n\t\t\t\t<i aria-hidden=\"true\" class=\"fas fa-map-pin\"><\/i>\t\t\t<\/span>\n\t\t\t\t\t\t<span class=\"elementor-button-text\">Contact us<\/span>\n\t\t<\/span>\n\t\t\t\t\t<\/a>\n\t\t<\/div>\n\t\t\t\t<\/div>\n\t\t\t\t<\/div>\n\t\t\t\t\t<\/div>\n\t\t<\/div>\n\t\t\t\t\t<\/div>\n\t\t<\/section>\n\t\t\t\t<section class=\"penci-section penci-disSticky penci-structure-20 elementor-section elementor-top-section elementor-element elementor-element-7bfca81 elementor-section-full_width elementor-section-content-middle elementor-section-height-default elementor-section-height-default\" data-id=\"7bfca81\" data-element_type=\"section\">\n\t\t\t\t\t\t<div class=\"elementor-container elementor-column-gap-no\">\n\t\t\t\t\t<div class=\"penci-ercol-50 penci-ercol-order-1 penci-sticky-ct    elementor-column elementor-col-50 elementor-top-column elementor-element elementor-element-1bdbe97\" data-id=\"1bdbe97\" data-element_type=\"column\">\n\t\t\t<div class=\"elementor-widget-wrap elementor-element-populated\">\n\t\t\t\t\t\t<div class=\"elementor-element elementor-element-aa4b9c5 elementor-widget elementor-widget-penci-fancy_heading\" data-id=\"aa4b9c5\" data-element_type=\"widget\" data-widget_type=\"penci-fancy_heading.default\">\n\t\t\t\t<div class=\"elementor-widget-container\">\n\t\t\t\t\t<div class=\"penci-fancy-heading penci-heading-text-left\">\r\n\t\t\t<div class=\"penci-fancy-heading-inner\">\r\n\t\t\t\t<div class=\"penci-heading-subtitle\">\nEnjoy the region to the fullest\n\n<\/div><h2 class=\"penci-heading-title\"><span class=\"inner-tit\">Services and activities offered by Ksar Tinsouline\n<\/span><\/h2><div class=\"penci-separator penci-separator- penci-separator-left\"><span class=\"penci-sep_holder penci-sep_holder_l\"><span class=\"penci-sep_line\"><\/span><\/span><span class=\"penci-sep_holder penci-sep_holder_r\"><span class=\"penci-sep_line\"><\/span><\/span><\/div><div class=\"penci-heading-content entry-content\"><p>The Ksar offers a range of services and activities allowing guests to fully enjoy the beauty and charm of the region, such as excursions and hikes, hammam, camel rides, and many other services and activities to discover<\/p>\n<\/div>\t\t\t<\/div>\r\n\t\t<\/div>\r\n\t\t\t\t<\/div>\n\t\t\t\t<\/div>\n\t\t\t\t\t<\/div>\n\t\t<\/div>\n\t\t\t\t<div class=\"penci-ercol-50 penci-ercol-order-2 penci-sticky-ct    elementor-column elementor-col-50 elementor-top-column elementor-element elementor-element-2a8ea9c\" data-id=\"2a8ea9c\" data-element_type=\"column\">\n\t\t\t<div class=\"elementor-widget-wrap elementor-element-populated\">\n\t\t\t\t\t\t<div class=\"elementor-element elementor-element-a829cb4 elementor-widget elementor-widget-image\" data-id=\"a829cb4\" data-element_type=\"widget\" data-widget_type=\"image.default\">\n\t\t\t\t<div class=\"elementor-widget-container\">\n\t\t\t\t\t\t\t\t\t\t\t\t\t<img decoding=\"async\" width=\"1024\" height=\"717\" src=\"https:\/\/hotel-tinsouline-zagora.com\/wp-content\/uploads\/2023\/04\/bivouac-zagora-maroc-hotel-maroc-1024x717.jpg\" class=\"attachment-large size-large wp-image-496\" alt=\"\" srcset=\"https:\/\/hotel-tinsouline-zagora.com\/wp-content\/uploads\/2023\/04\/bivouac-zagora-maroc-hotel-maroc-1024x717.jpg 1024w, https:\/\/hotel-tinsouline-zagora.com\/wp-content\/uploads\/2023\/04\/bivouac-zagora-maroc-hotel-maroc-300x210.jpg 300w, https:\/\/hotel-tinsouline-zagora.com\/wp-content\/uploads\/2023\/04\/bivouac-zagora-maroc-hotel-maroc-768x538.jpg 768w, https:\/\/hotel-tinsouline-zagora.com\/wp-content\/uploads\/2023\/04\/bivouac-zagora-maroc-hotel-maroc-1536x1075.jpg 1536w, https:\/\/hotel-tinsouline-zagora.com\/wp-content\/uploads\/2023\/04\/bivouac-zagora-maroc-hotel-maroc-1920x1344.jpg 1920w, https:\/\/hotel-tinsouline-zagora.com\/wp-content\/uploads\/2023\/04\/bivouac-zagora-maroc-hotel-maroc-1170x819.jpg 1170w, https:\/\/hotel-tinsouline-zagora.com\/wp-content\/uploads\/2023\/04\/bivouac-zagora-maroc-hotel-maroc-585x410.jpg 585w, https:\/\/hotel-tinsouline-zagora.com\/wp-content\/uploads\/2023\/04\/bivouac-zagora-maroc-hotel-maroc.jpg 2000w\" sizes=\"(max-width: 1024px) 100vw, 1024px\" \/>\t\t\t\t\t\t\t\t\t\t\t\t\t<\/div>\n\t\t\t\t<\/div>\n\t\t\t\t\t<\/div>\n\t\t<\/div>\n\t\t\t\t\t<\/div>\n\t\t<\/section>\n\t\t\t\t<\/div>","protected":false},"excerpt":{"rendered":"<p>D\u00e9couvrez notre histoire D\u00e9couvrez Le Tinsouline Une vraie Histoire L\u2019h\u00f4tel conserve toujours son aspect luxueux couronn\u00e9 par un charme n\u00e9 par nature de son emplacement au milieu d\u2019une agr\u00e9able palmeraie.&hellip;<\/p>","protected":false},"author":1,"featured_media":0,"parent":0,"menu_order":0,"comment_status":"closed","ping_status":"closed","template":"","meta":{"footnotes":""},"class_list":["post-556","page","type-page","status-publish","hentry"],"yoast_head":"<!-- This site is optimized with the Yoast SEO plugin v22.2 - https:\/\/yoast.com\/wordpress\/plugins\/seo\/ -->\n<title>Notre histoire - H\u00f4tel Le Tinsouline Zagora<\/title>\n<meta name=\"description\" content=\"D\u00e9couvrez notre histoire D\u00e9couvrez Le Tinsouline Une vraie Histoire L\u2019h\u00f4tel conserve toujours son aspect luxueux couronn\u00e9 par un charme n\u00e9 par nature de\" \/>\n<meta name=\"robots\" content=\"index, follow, max-snippet:-1, max-image-preview:large, max-video-preview:-1\" \/>\n<link rel=\"canonical\" href=\"https:\/\/hotel-tinsouline-zagora.com\/en\/notre-histoire\/\" \/>\n<meta property=\"og:locale\" content=\"en_GB\" \/>\n<meta property=\"og:type\" content=\"article\" \/>\n<meta property=\"og:title\" content=\"Notre histoire - H\u00f4tel Le Tinsouline Zagora\" \/>\n<meta property=\"og:description\" content=\"D\u00e9couvrez notre histoire D\u00e9couvrez Le Tinsouline Une vraie Histoire L\u2019h\u00f4tel conserve toujours son aspect luxueux couronn\u00e9 par un charme n\u00e9 par nature de\" \/>\n<meta property=\"og:url\" content=\"https:\/\/hotel-tinsouline-zagora.com\/en\/notre-histoire\/\" \/>\n<meta property=\"og:site_name\" content=\"H\u00f4tel Le Tinsouline Zagora\" \/>\n<meta property=\"article:modified_time\" content=\"2023-12-03T11:50:34+00:00\" \/>\n<meta property=\"og:image\" content=\"https:\/\/hotel-tinsouline-zagora.com\/wp-content\/uploads\/2023\/04\/hotel-zagora-le-tinsouline-IMG_0624-1024x683.jpg\" \/>\n<meta name=\"twitter:card\" content=\"summary_large_image\" \/>\n<meta name=\"twitter:label1\" content=\"Estimated reading time\" \/>\n\t<meta name=\"twitter:data1\" content=\"1 minute\" \/>\n<script type=\"application\/ld+json\" class=\"yoast-schema-graph\">{\"@context\":\"https:\/\/schema.org\",\"@graph\":[{\"@type\":\"WebPage\",\"@id\":\"https:\/\/hotel-tinsouline-zagora.com\/en\/notre-histoire\/\",\"url\":\"https:\/\/hotel-tinsouline-zagora.com\/en\/notre-histoire\/\",\"name\":\"Notre histoire - H\u00f4tel Le Tinsouline Zagora\",\"isPartOf\":{\"@id\":\"https:\/\/hotel-tinsouline-zagora.com\/#website\"},\"primaryImageOfPage\":{\"@id\":\"https:\/\/hotel-tinsouline-zagora.com\/en\/notre-histoire\/#primaryimage\"},\"image\":{\"@id\":\"https:\/\/hotel-tinsouline-zagora.com\/en\/notre-histoire\/#primaryimage\"},\"thumbnailUrl\":\"https:\/\/hotel-tinsouline-zagora.com\/wp-content\/uploads\/2023\/04\/hotel-zagora-le-tinsouline-IMG_0624-1024x683.jpg\",\"datePublished\":\"2023-04-11T15:47:55+00:00\",\"dateModified\":\"2023-12-03T11:50:34+00:00\",\"description\":\"D\u00e9couvrez notre histoire D\u00e9couvrez Le Tinsouline Une vraie Histoire L\u2019h\u00f4tel conserve toujours son aspect luxueux couronn\u00e9 par un charme n\u00e9 par nature de\",\"breadcrumb\":{\"@id\":\"https:\/\/hotel-tinsouline-zagora.com\/en\/notre-histoire\/#breadcrumb\"},\"inLanguage\":\"en-GB\",\"potentialAction\":[{\"@type\":\"ReadAction\",\"target\":[\"https:\/\/hotel-tinsouline-zagora.com\/en\/notre-histoire\/\"]}]},{\"@type\":\"ImageObject\",\"inLanguage\":\"en-GB\",\"@id\":\"https:\/\/hotel-tinsouline-zagora.com\/en\/notre-histoire\/#primaryimage\",\"url\":\"https:\/\/hotel-tinsouline-zagora.com\/wp-content\/uploads\/2023\/04\/hotel-zagora-le-tinsouline-IMG_0624.jpg\",\"contentUrl\":\"https:\/\/hotel-tinsouline-zagora.com\/wp-content\/uploads\/2023\/04\/hotel-zagora-le-tinsouline-IMG_0624.jpg\",\"width\":1800,\"height\":1200},{\"@type\":\"BreadcrumbList\",\"@id\":\"https:\/\/hotel-tinsouline-zagora.com\/en\/notre-histoire\/#breadcrumb\",\"itemListElement\":[{\"@type\":\"ListItem\",\"position\":1,\"name\":\"Accueil\",\"item\":\"https:\/\/hotel-tinsouline-zagora.com\/\"},{\"@type\":\"ListItem\",\"position\":2,\"name\":\"Notre histoire\"}]},{\"@type\":\"WebSite\",\"@id\":\"https:\/\/hotel-tinsouline-zagora.com\/#website\",\"url\":\"https:\/\/hotel-tinsouline-zagora.com\/\",\"name\":\"H\u00f4tel Le Tinsouline Zagora\",\"description\":\"Celui  qui recherche le charme et la tranquillit\u00e9 ainsi que l\u2019hospitalit\u00e9 Saharienne, se sentira  \u00e0 son aise dans ce bel h\u00f4tel, construit dans les ann\u00e9es 40 avec un  style des Ksours berb\u00e8res de la vall\u00e9e du Dr\u00e0a (Cat\u00e9gorie Marocaine ****)\",\"potentialAction\":[{\"@type\":\"SearchAction\",\"target\":{\"@type\":\"EntryPoint\",\"urlTemplate\":\"https:\/\/hotel-tinsouline-zagora.com\/?s={search_term_string}\"},\"query-input\":\"required name=search_term_string\"}],\"inLanguage\":\"en-GB\"}]}<\/script>\n<!-- \/ Yoast SEO plugin. -->","yoast_head_json":{"title":"Notre histoire - H\u00f4tel Le Tinsouline Zagora","description":"D\u00e9couvrez notre histoire D\u00e9couvrez Le Tinsouline Une vraie Histoire L\u2019h\u00f4tel conserve toujours son aspect luxueux couronn\u00e9 par un charme n\u00e9 par nature de","robots":{"index":"index","follow":"follow","max-snippet":"max-snippet:-1","max-image-preview":"max-image-preview:large","max-video-preview":"max-video-preview:-1"},"canonical":"https:\/\/hotel-tinsouline-zagora.com\/en\/notre-histoire\/","og_locale":"en_GB","og_type":"article","og_title":"Notre histoire - H\u00f4tel Le Tinsouline Zagora","og_description":"D\u00e9couvrez notre histoire D\u00e9couvrez Le Tinsouline Une vraie Histoire L\u2019h\u00f4tel conserve toujours son aspect luxueux couronn\u00e9 par un charme n\u00e9 par nature de","og_url":"https:\/\/hotel-tinsouline-zagora.com\/en\/notre-histoire\/","og_site_name":"H\u00f4tel Le Tinsouline Zagora","article_modified_time":"2023-12-03T11:50:34+00:00","og_image":[{"url":"https:\/\/hotel-tinsouline-zagora.com\/wp-content\/uploads\/2023\/04\/hotel-zagora-le-tinsouline-IMG_0624-1024x683.jpg"}],"twitter_card":"summary_large_image","twitter_misc":{"Estimated reading time":"1 minute"},"schema":{"@context":"https:\/\/schema.org","@graph":[{"@type":"WebPage","@id":"https:\/\/hotel-tinsouline-zagora.com\/en\/notre-histoire\/","url":"https:\/\/hotel-tinsouline-zagora.com\/en\/notre-histoire\/","name":"Notre histoire - H\u00f4tel Le Tinsouline Zagora","isPartOf":{"@id":"https:\/\/hotel-tinsouline-zagora.com\/#website"},"primaryImageOfPage":{"@id":"https:\/\/hotel-tinsouline-zagora.com\/en\/notre-histoire\/#primaryimage"},"image":{"@id":"https:\/\/hotel-tinsouline-zagora.com\/en\/notre-histoire\/#primaryimage"},"thumbnailUrl":"https:\/\/hotel-tinsouline-zagora.com\/wp-content\/uploads\/2023\/04\/hotel-zagora-le-tinsouline-IMG_0624-1024x683.jpg","datePublished":"2023-04-11T15:47:55+00:00","dateModified":"2023-12-03T11:50:34+00:00","description":"D\u00e9couvrez notre histoire D\u00e9couvrez Le Tinsouline Une vraie Histoire L\u2019h\u00f4tel conserve toujours son aspect luxueux couronn\u00e9 par un charme n\u00e9 par nature de","breadcrumb":{"@id":"https:\/\/hotel-tinsouline-zagora.com\/en\/notre-histoire\/#breadcrumb"},"inLanguage":"en-GB","potentialAction":[{"@type":"ReadAction","target":["https:\/\/hotel-tinsouline-zagora.com\/en\/notre-histoire\/"]}]},{"@type":"ImageObject","inLanguage":"en-GB","@id":"https:\/\/hotel-tinsouline-zagora.com\/en\/notre-histoire\/#primaryimage","url":"https:\/\/hotel-tinsouline-zagora.com\/wp-content\/uploads\/2023\/04\/hotel-zagora-le-tinsouline-IMG_0624.jpg","contentUrl":"https:\/\/hotel-tinsouline-zagora.com\/wp-content\/uploads\/2023\/04\/hotel-zagora-le-tinsouline-IMG_0624.jpg","width":1800,"height":1200},{"@type":"BreadcrumbList","@id":"https:\/\/hotel-tinsouline-zagora.com\/en\/notre-histoire\/#breadcrumb","itemListElement":[{"@type":"ListItem","position":1,"name":"Accueil","item":"https:\/\/hotel-tinsouline-zagora.com\/"},{"@type":"ListItem","position":2,"name":"Notre histoire"}]},{"@type":"WebSite","@id":"https:\/\/hotel-tinsouline-zagora.com\/#website","url":"https:\/\/hotel-tinsouline-zagora.com\/","name":"H\u00f4tel Le Tinsouline Zagora","description":"Celui  qui recherche le charme et la tranquillit\u00e9 ainsi que l\u2019hospitalit\u00e9 Saharienne, se sentira  \u00e0 son aise dans ce bel h\u00f4tel, construit dans les ann\u00e9es 40 avec un  style des Ksours berb\u00e8res de la vall\u00e9e du Dr\u00e0a (Cat\u00e9gorie Marocaine ****)","potentialAction":[{"@type":"SearchAction","target":{"@type":"EntryPoint","urlTemplate":"https:\/\/hotel-tinsouline-zagora.com\/?s={search_term_string}"},"query-input":"required name=search_term_string"}],"inLanguage":"en-GB"}]}},"_links":{"self":[{"href":"https:\/\/hotel-tinsouline-zagora.com\/en\/wp-json\/wp\/v2\/pages\/556","targetHints":{"allow":["GET"]}}],"collection":[{"href":"https:\/\/hotel-tinsouline-zagora.com\/en\/wp-json\/wp\/v2\/pages"}],"about":[{"href":"https:\/\/hotel-tinsouline-zagora.com\/en\/wp-json\/wp\/v2\/types\/page"}],"author":[{"embeddable":true,"href":"https:\/\/hotel-tinsouline-zagora.com\/en\/wp-json\/wp\/v2\/users\/1"}],"replies":[{"embeddable":true,"href":"https:\/\/hotel-tinsouline-zagora.com\/en\/wp-json\/wp\/v2\/comments?post=556"}],"version-history":[{"count":14,"href":"https:\/\/hotel-tinsouline-zagora.com\/en\/wp-json\/wp\/v2\/pages\/556\/revisions"}],"predecessor-version":[{"id":713,"href":"https:\/\/hotel-tinsouline-zagora.com\/en\/wp-json\/wp\/v2\/pages\/556\/revisions\/713"}],"wp:attachment":[{"href":"https:\/\/hotel-tinsouline-zagora.com\/en\/wp-json\/wp\/v2\/media?parent=556"}],"curies":[{"name":"wp","href":"https:\/\/api.w.org\/{rel}","templated":true}]}}