{"id":532,"date":"2023-04-11T17:18:56","date_gmt":"2023-04-11T15:18:56","guid":{"rendered":"https:\/\/hotel-tinsouline-zagora.com\/?page_id=532"},"modified":"2023-04-11T17:22:35","modified_gmt":"2023-04-11T15:22:35","slug":"activites","status":"publish","type":"page","link":"https:\/\/hotel-tinsouline-zagora.com\/en\/activites\/","title":{"rendered":"Activities"},"content":{"rendered":"<div data-elementor-type=\"wp-page\" data-elementor-id=\"532\" class=\"elementor elementor-532\">\n\t\t\t\t\t\t<section class=\"penci-section penci-dmcheck penci-elbg-activate penci-disSticky penci-structure-10 elementor-section elementor-top-section elementor-element elementor-element-12011180 elementor-section-boxed elementor-section-height-default elementor-section-height-default\" data-id=\"12011180\" data-element_type=\"section\" data-settings=\"{&quot;background_background&quot;:&quot;classic&quot;}\">\n\t\t\t\t\t\t<div class=\"elementor-container elementor-column-gap-no\">\n\t\t\t\t\t<div class=\"penci-ercol-100 penci-ercol-order-1 penci-sticky-ct    elementor-column elementor-col-100 elementor-top-column elementor-element elementor-element-6ea03d46\" data-id=\"6ea03d46\" data-element_type=\"column\">\n\t\t\t<div class=\"elementor-widget-wrap elementor-element-populated\">\n\t\t\t\t\t\t<div class=\"elementor-element elementor-element-3cd57a86 elementor-widget elementor-widget-penci-fancy_heading\" data-id=\"3cd57a86\" data-element_type=\"widget\" data-widget_type=\"penci-fancy_heading.default\">\n\t\t\t\t<div class=\"elementor-widget-container\">\n\t\t\t\t\t<div class=\"penci-fancy-heading penci-heading-text-center\">\r\n\t\t\t<div class=\"penci-fancy-heading-inner\">\r\n\t\t\t\t<h2 class=\"penci-heading-title\"><span class=\"inner-tit\">Our Activities<\/span><\/h2>\t\t\t<\/div>\r\n\t\t<\/div>\r\n\t\t\t\t<\/div>\n\t\t\t\t<\/div>\n\t\t\t\t\t<\/div>\n\t\t<\/div>\n\t\t\t\t\t<\/div>\n\t\t<\/section>\n\t\t\t\t<section class=\"penci-section penci-disSticky penci-structure-20 elementor-section elementor-top-section elementor-element elementor-element-627b37af elementor-section-content-middle elementor-section-boxed elementor-section-height-default elementor-section-height-default\" data-id=\"627b37af\" data-element_type=\"section\">\n\t\t\t\t\t\t<div class=\"elementor-container elementor-column-gap-no\">\n\t\t\t\t\t<div class=\"penci-ercol-50 penci-ercol-order-1 penci-sticky-ct  penci-dmcheck penci-elbg-activate  elementor-column elementor-col-50 elementor-top-column elementor-element elementor-element-736760be\" data-id=\"736760be\" data-element_type=\"column\" data-settings=\"{&quot;background_background&quot;:&quot;classic&quot;}\">\n\t\t\t<div class=\"elementor-widget-wrap elementor-element-populated\">\n\t\t\t\t\t\t<div class=\"elementor-element elementor-element-edb39e6 elementor-widget__width-initial elementor-widget elementor-widget-image\" data-id=\"edb39e6\" data-element_type=\"widget\" data-widget_type=\"image.default\">\n\t\t\t\t<div class=\"elementor-widget-container\">\n\t\t\t<style>\/*! elementor - v3.19.0 - 28-02-2024 *\/\n.elementor-widget-image{text-align:center}.elementor-widget-image a{display:inline-block}.elementor-widget-image a img[src$=\".svg\"]{width:48px}.elementor-widget-image img{vertical-align:middle;display:inline-block}<\/style>\t\t\t\t\t\t\t\t\t\t<img fetchpriority=\"high\" decoding=\"async\" width=\"1024\" height=\"563\" src=\"https:\/\/hotel-tinsouline-zagora.com\/wp-content\/uploads\/2023\/04\/excursion-bivouac-zagora-maroc-1-1024x563.jpg\" class=\"attachment-large size-large wp-image-547\" alt=\"\" srcset=\"https:\/\/hotel-tinsouline-zagora.com\/wp-content\/uploads\/2023\/04\/excursion-bivouac-zagora-maroc-1-1024x563.jpg 1024w, https:\/\/hotel-tinsouline-zagora.com\/wp-content\/uploads\/2023\/04\/excursion-bivouac-zagora-maroc-1-300x165.jpg 300w, https:\/\/hotel-tinsouline-zagora.com\/wp-content\/uploads\/2023\/04\/excursion-bivouac-zagora-maroc-1-768x422.jpg 768w, https:\/\/hotel-tinsouline-zagora.com\/wp-content\/uploads\/2023\/04\/excursion-bivouac-zagora-maroc-1-1536x845.jpg 1536w, https:\/\/hotel-tinsouline-zagora.com\/wp-content\/uploads\/2023\/04\/excursion-bivouac-zagora-maroc-1-1920x1056.jpg 1920w, https:\/\/hotel-tinsouline-zagora.com\/wp-content\/uploads\/2023\/04\/excursion-bivouac-zagora-maroc-1-1170x644.jpg 1170w, https:\/\/hotel-tinsouline-zagora.com\/wp-content\/uploads\/2023\/04\/excursion-bivouac-zagora-maroc-1-585x322.jpg 585w, https:\/\/hotel-tinsouline-zagora.com\/wp-content\/uploads\/2023\/04\/excursion-bivouac-zagora-maroc-1.jpg 2000w\" sizes=\"(max-width: 1024px) 100vw, 1024px\" \/>\t\t\t\t\t\t\t\t\t\t\t\t\t<\/div>\n\t\t\t\t<\/div>\n\t\t\t\t\t<\/div>\n\t\t<\/div>\n\t\t\t\t<div class=\"penci-ercol-50 penci-ercol-order-2 penci-sticky-ct  penci-dmcheck penci-elbg-activate  elementor-column elementor-col-50 elementor-top-column elementor-element elementor-element-caf8dbc\" data-id=\"caf8dbc\" data-element_type=\"column\" data-settings=\"{&quot;background_background&quot;:&quot;classic&quot;}\">\n\t\t\t<div class=\"elementor-widget-wrap elementor-element-populated\">\n\t\t\t\t\t\t<div class=\"elementor-element elementor-element-792bfa9 elementor-widget elementor-widget-penci-fancy_heading\" data-id=\"792bfa9\" data-element_type=\"widget\" data-widget_type=\"penci-fancy_heading.default\">\n\t\t\t\t<div class=\"elementor-widget-container\">\n\t\t\t\t\t<div class=\"penci-fancy-heading penci-heading-text-left\">\r\n\t\t\t<div class=\"penci-fancy-heading-inner\">\r\n\t\t\t\t<h2 class=\"penci-heading-title\"><span class=\"inner-tit\">Book your stay:<\/span><\/h2><div class=\"penci-separator penci-separator- penci-separator-left\"><span class=\"penci-sep_holder penci-sep_holder_l\"><span class=\"penci-sep_line\"><\/span><\/span><span class=\"penci-sep_holder penci-sep_holder_r\"><span class=\"penci-sep_line\"><\/span><\/span><\/div><div class=\"penci-heading-content entry-content\"><p>Plan your unforgettable getaway in the heart of the Zagora oasis by booking your stay at the Tinsouline Hotel now. Enjoy a warm welcome and personalized service for a relaxed and enjoyable vacation.<\/p>\n<\/div>\t\t\t<\/div>\r\n\t\t<\/div>\r\n\t\t\t\t<\/div>\n\t\t\t\t<\/div>\n\t\t\t\t\t<\/div>\n\t\t<\/div>\n\t\t\t\t\t<\/div>\n\t\t<\/section>\n\t\t\t\t<section class=\"penci-section penci-disSticky penci-structure-20 elementor-section elementor-top-section elementor-element elementor-element-4dbf34e2 elementor-section-content-middle elementor-section-boxed elementor-section-height-default elementor-section-height-default\" data-id=\"4dbf34e2\" data-element_type=\"section\">\n\t\t\t\t\t\t<div class=\"elementor-container elementor-column-gap-no\">\n\t\t\t\t\t<div class=\"penci-ercol-50 penci-ercol-order-1 penci-sticky-ct  penci-dmcheck penci-elbg-activate  elementor-column elementor-col-50 elementor-top-column elementor-element elementor-element-4e2294af\" data-id=\"4e2294af\" data-element_type=\"column\" data-settings=\"{&quot;background_background&quot;:&quot;classic&quot;}\">\n\t\t\t<div class=\"elementor-widget-wrap elementor-element-populated\">\n\t\t\t\t\t\t<div class=\"elementor-element elementor-element-1a13ad2a elementor-widget elementor-widget-penci-fancy_heading\" data-id=\"1a13ad2a\" data-element_type=\"widget\" data-widget_type=\"penci-fancy_heading.default\">\n\t\t\t\t<div class=\"elementor-widget-container\">\n\t\t\t\t\t<div class=\"penci-fancy-heading penci-heading-text-left\">\r\n\t\t\t<div class=\"penci-fancy-heading-inner\">\r\n\t\t\t\t<h2 class=\"penci-heading-title\"><span class=\"inner-tit\">Bivouacs &amp; Desert <\/span><\/h2><div class=\"penci-heading-content entry-content\"><p>\u2714 Ca\u00efdal or nomadic tents for restaurant service with carpets, benches, stools, low tables, Moroccan tableware...<br \/>\n\u2714 Nomad tents for 6 to 8 people for sleeping with complete bedding: wooden bed, carpets, foam mattresses, sheets, blankets, pillows...<br \/>\n\u2714 Individual tents for 2 people scattered around the camp (upon request)<br \/>\n\u2714 Buffet meals with a variety of salads and barbecue-grilled dishes (meat skewers, kebabs, chicken), seasonal fruits, tea... (upon request) or traditional menu: salad, tagine, fruit, and tea.<\/p>\n<p>\"If the weather is bad or upon recommendation: Classic table service with a special menu.\"<\/p>\n<p>\u2714 Bar with a variety of alcoholic and non-alcoholic beverages (upon request).<br \/>\n\u2714 Sanitary facilities: Toilets and shower modules with hot water.<br \/>\n\u2714 Evening entertainment: local folklore, bread-making, henna tattooing, tea ceremony, bonfires, fire letters, torches, oil lamps (upon request)... See the layout plan of tents for group camping.<br \/>\n\u2714 Option: Possibility of entertainment with camel racing, treasure hunt, traditional wedding simulation...<\/p>\n<\/div>\t\t\t<\/div>\r\n\t\t<\/div>\r\n\t\t\t\t<\/div>\n\t\t\t\t<\/div>\n\t\t\t\t\t<\/div>\n\t\t<\/div>\n\t\t\t\t<div class=\"penci-ercol-50 penci-ercol-order-2 penci-sticky-ct    elementor-column elementor-col-50 elementor-top-column elementor-element elementor-element-780f22dc\" data-id=\"780f22dc\" data-element_type=\"column\">\n\t\t\t<div class=\"elementor-widget-wrap elementor-element-populated\">\n\t\t\t\t\t\t<div class=\"elementor-element elementor-element-34c0d1e8 elementor-widget__width-initial elementor-widget elementor-widget-image\" data-id=\"34c0d1e8\" data-element_type=\"widget\" data-widget_type=\"image.default\">\n\t\t\t\t<div class=\"elementor-widget-container\">\n\t\t\t\t\t\t\t\t\t\t\t\t\t<img decoding=\"async\" width=\"1024\" height=\"717\" src=\"https:\/\/hotel-tinsouline-zagora.com\/wp-content\/uploads\/2023\/04\/bivouac-zagora-maroc-hotel-maroc-1024x717.jpg\" class=\"attachment-large size-large wp-image-496\" alt=\"\" srcset=\"https:\/\/hotel-tinsouline-zagora.com\/wp-content\/uploads\/2023\/04\/bivouac-zagora-maroc-hotel-maroc-1024x717.jpg 1024w, https:\/\/hotel-tinsouline-zagora.com\/wp-content\/uploads\/2023\/04\/bivouac-zagora-maroc-hotel-maroc-300x210.jpg 300w, https:\/\/hotel-tinsouline-zagora.com\/wp-content\/uploads\/2023\/04\/bivouac-zagora-maroc-hotel-maroc-768x538.jpg 768w, https:\/\/hotel-tinsouline-zagora.com\/wp-content\/uploads\/2023\/04\/bivouac-zagora-maroc-hotel-maroc-1536x1075.jpg 1536w, https:\/\/hotel-tinsouline-zagora.com\/wp-content\/uploads\/2023\/04\/bivouac-zagora-maroc-hotel-maroc-1920x1344.jpg 1920w, https:\/\/hotel-tinsouline-zagora.com\/wp-content\/uploads\/2023\/04\/bivouac-zagora-maroc-hotel-maroc-1170x819.jpg 1170w, https:\/\/hotel-tinsouline-zagora.com\/wp-content\/uploads\/2023\/04\/bivouac-zagora-maroc-hotel-maroc-585x410.jpg 585w, https:\/\/hotel-tinsouline-zagora.com\/wp-content\/uploads\/2023\/04\/bivouac-zagora-maroc-hotel-maroc.jpg 2000w\" sizes=\"(max-width: 1024px) 100vw, 1024px\" \/>\t\t\t\t\t\t\t\t\t\t\t\t\t<\/div>\n\t\t\t\t<\/div>\n\t\t\t\t\t<\/div>\n\t\t<\/div>\n\t\t\t\t\t<\/div>\n\t\t<\/section>\n\t\t\t\t<section class=\"penci-section penci-disSticky penci-structure-30 elementor-section elementor-top-section elementor-element elementor-element-2eb4bf32 elementor-section-boxed elementor-section-height-default elementor-section-height-default\" data-id=\"2eb4bf32\" data-element_type=\"section\">\n\t\t\t\t\t\t<div class=\"elementor-container elementor-column-gap-extended\">\n\t\t\t\t\t<div class=\"penci-ercol-33 penci-ercol-order-1 penci-sticky-sb penci-sidebarSC   elementor-column elementor-col-33 elementor-top-column elementor-element elementor-element-34e43f9a\" data-id=\"34e43f9a\" data-element_type=\"column\">\n\t\t\t<div class=\"elementor-widget-wrap elementor-element-populated\">\n\t\t\t\t\t\t<div class=\"elementor-element elementor-element-14183daf elementor-widget elementor-widget-penci-info-box\" data-id=\"14183daf\" data-element_type=\"widget\" data-widget_type=\"penci-info-box.default\">\n\t\t\t\t<div class=\"elementor-widget-container\">\n\t\t\t        <div id=\"penci_info_box_14276\" class=\"penci-block-vc penci-info-box penci-ibox-top-left penci-view-default penci-shape-circle\">\r\n            <div class=\"penci-ibox-inner\">\r\n\t\t\t\t\t\t\t\t<div class=\"penci-ibox-icon penci-ibox-icon--image\"><span class=\"penci-ibox-icon-fa\"><img decoding=\"async\" class=\"penci-ibox-img_active\" src=\"https:\/\/hotel-tinsouline-zagora.com\/wp-content\/uploads\/2023\/04\/desert.png\" width=\"64\" height=\"64\"><img decoding=\"async\" class=\"penci-ibox-img_hover\" src=\"\" width=\"\" height=\"\"><\/span><\/div>                <div class=\"penci-ibox-content-wrap\">\r\n\t\t\t\t\t\t\t\t\t\t<h3\r\n                            class=\"penci-ibox-title\">An adaptable, satisfying service with the best conditions.<\/h3>\t\t\t\t\t\t\t\t\t\t                        <div class=\"penci-ibox-content\"><p>We are committed to providing superior quality service to our customers. This means that we are flexible and adapt to your needs to ensure an unforgettable stay at our hotel. We are committed to providing the best possible conditions to ensure a comfortable and pleasant stay.<\/p>\n<\/div>\t\t\t\t\t                <\/div>\r\n            <\/div>\r\n        <\/div>\r\n\t\t\t\t<\/div>\n\t\t\t\t<\/div>\n\t\t\t\t\t<\/div>\n\t\t<\/div>\n\t\t\t\t<div class=\"penci-ercol-33 penci-ercol-order-2 penci-sticky-sb penci-sidebarSC   elementor-column elementor-col-33 elementor-top-column elementor-element elementor-element-f8c4e92\" data-id=\"f8c4e92\" data-element_type=\"column\">\n\t\t\t<div class=\"elementor-widget-wrap elementor-element-populated\">\n\t\t\t\t\t\t<div class=\"elementor-element elementor-element-79be0c40 elementor-widget elementor-widget-penci-info-box\" data-id=\"79be0c40\" data-element_type=\"widget\" data-widget_type=\"penci-info-box.default\">\n\t\t\t\t<div class=\"elementor-widget-container\">\n\t\t\t        <div id=\"penci_info_box_38979\" class=\"penci-block-vc penci-info-box penci-ibox-top-left penci-view-default penci-shape-circle\">\r\n            <div class=\"penci-ibox-inner\">\r\n\t\t\t\t\t\t\t\t<div class=\"penci-ibox-icon penci-ibox-icon--image\"><span class=\"penci-ibox-icon-fa\"><img loading=\"lazy\" decoding=\"async\" class=\"penci-ibox-img_active\" src=\"https:\/\/hotel-tinsouline-zagora.com\/wp-content\/uploads\/2023\/04\/tent2.png\" width=\"64\" height=\"64\"><img decoding=\"async\" class=\"penci-ibox-img_hover\" src=\"\" width=\"\" height=\"\"><\/span><\/div>                <div class=\"penci-ibox-content-wrap\">\r\n\t\t\t\t\t\t\t\t\t\t<h3\r\n                            class=\"penci-ibox-title\">Authentic and Memorable Bivouac Experience<\/h3>\t\t\t\t\t\t\t\t\t\t                        <div class=\"penci-ibox-content\"><p>Whether you are a couple, a family, or a group of friends, let yourself be carried away by the magic of starry nights and golden sand dunes for an unforgettable journey exploring the breathtaking desert landscapes of Zagora with our bivouac offers.<\/p>\n<p>\u00a0<\/p>\n<\/div>\t\t\t\t\t                <\/div>\r\n            <\/div>\r\n        <\/div>\r\n\t\t\t\t<\/div>\n\t\t\t\t<\/div>\n\t\t\t\t\t<\/div>\n\t\t<\/div>\n\t\t\t\t<div class=\"penci-ercol-33 penci-ercol-order-3 penci-sticky-sb penci-sidebarSC   elementor-column elementor-col-33 elementor-top-column elementor-element elementor-element-1c88d013\" data-id=\"1c88d013\" data-element_type=\"column\">\n\t\t\t<div class=\"elementor-widget-wrap elementor-element-populated\">\n\t\t\t\t\t\t<div class=\"elementor-element elementor-element-47fe86c9 elementor-widget elementor-widget-penci-info-box\" data-id=\"47fe86c9\" data-element_type=\"widget\" data-widget_type=\"penci-info-box.default\">\n\t\t\t\t<div class=\"elementor-widget-container\">\n\t\t\t        <div id=\"penci_info_box_91490\" class=\"penci-block-vc penci-info-box penci-ibox-top-left penci-view-default penci-shape-circle\">\r\n            <div class=\"penci-ibox-inner\">\r\n\t\t\t\t\t\t\t\t<div class=\"penci-ibox-icon penci-ibox-icon--image\"><span class=\"penci-ibox-icon-fa\"><img loading=\"lazy\" decoding=\"async\" class=\"penci-ibox-img_active\" src=\"https:\/\/hotel-tinsouline-zagora.com\/wp-content\/uploads\/2023\/04\/tourist.png\" width=\"64\" height=\"64\"><img decoding=\"async\" class=\"penci-ibox-img_hover\" src=\"\" width=\"\" height=\"\"><\/span><\/div>                <div class=\"penci-ibox-content-wrap\">\r\n\t\t\t\t\t\t\t\t\t\t<h3\r\n                            class=\"penci-ibox-title\">Individual and personalized trips.<\/h3>\t\t\t\t\t\t\t\t\t\t                        <div class=\"penci-ibox-content\"><p>Whether you want to discover the region at your own pace or explore tourist sites on your own, our team is at your disposal to help you organize your ideal trip.<\/p>\n<\/div>\t\t\t\t\t                <\/div>\r\n            <\/div>\r\n        <\/div>\r\n\t\t\t\t<\/div>\n\t\t\t\t<\/div>\n\t\t\t\t\t<\/div>\n\t\t<\/div>\n\t\t\t\t\t<\/div>\n\t\t<\/section>\n\t\t\t\t<\/div>","protected":false},"excerpt":{"rendered":"<p>Nos activit\u00e9s R\u00e9servez votre s\u00e9jour : Planifiez votre escapade inoubliable au c\u0153ur de l&rsquo;oasis de Zagora en r\u00e9servant d\u00e8s maintenant votre s\u00e9jour \u00e0 l&rsquo;h\u00f4tel Tinsouline. Profitez d&rsquo;un accueil chaleureux et&hellip;<\/p>","protected":false},"author":1,"featured_media":0,"parent":0,"menu_order":0,"comment_status":"closed","ping_status":"closed","template":"","meta":{"footnotes":""},"class_list":["post-532","page","type-page","status-publish","hentry"],"yoast_head":"<!-- This site is optimized with the Yoast SEO plugin v22.2 - https:\/\/yoast.com\/wordpress\/plugins\/seo\/ -->\n<title>Activit\u00e9s - H\u00f4tel Le Tinsouline Zagora<\/title>\n<meta name=\"description\" content=\"Nos activit\u00e9s R\u00e9servez votre s\u00e9jour : Planifiez votre escapade inoubliable au c\u0153ur de l&#039;oasis de Zagora en r\u00e9servant d\u00e8s maintenant votre s\u00e9jour \u00e0 l&#039;h\u00f4tel\" \/>\n<meta name=\"robots\" content=\"index, follow, max-snippet:-1, max-image-preview:large, max-video-preview:-1\" \/>\n<link rel=\"canonical\" href=\"https:\/\/hotel-tinsouline-zagora.com\/en\/activites\/\" \/>\n<meta property=\"og:locale\" content=\"en_GB\" \/>\n<meta property=\"og:type\" content=\"article\" \/>\n<meta property=\"og:title\" content=\"Activit\u00e9s - H\u00f4tel Le Tinsouline Zagora\" \/>\n<meta property=\"og:description\" content=\"Nos activit\u00e9s R\u00e9servez votre s\u00e9jour : Planifiez votre escapade inoubliable au c\u0153ur de l&#039;oasis de Zagora en r\u00e9servant d\u00e8s maintenant votre s\u00e9jour \u00e0 l&#039;h\u00f4tel\" \/>\n<meta property=\"og:url\" content=\"https:\/\/hotel-tinsouline-zagora.com\/en\/activites\/\" \/>\n<meta property=\"og:site_name\" content=\"H\u00f4tel Le Tinsouline Zagora\" \/>\n<meta property=\"article:modified_time\" content=\"2023-04-11T15:22:35+00:00\" \/>\n<meta property=\"og:image\" content=\"https:\/\/hotel-tinsouline-zagora.com\/wp-content\/uploads\/2023\/04\/excursion-bivouac-zagora-maroc-1-1024x563.jpg\" \/>\n<meta name=\"twitter:card\" content=\"summary_large_image\" \/>\n<meta name=\"twitter:label1\" content=\"Estimated reading time\" \/>\n\t<meta name=\"twitter:data1\" content=\"2 minutes\" \/>\n<script type=\"application\/ld+json\" class=\"yoast-schema-graph\">{\"@context\":\"https:\/\/schema.org\",\"@graph\":[{\"@type\":\"WebPage\",\"@id\":\"https:\/\/hotel-tinsouline-zagora.com\/activites\/\",\"url\":\"https:\/\/hotel-tinsouline-zagora.com\/activites\/\",\"name\":\"Activit\u00e9s - H\u00f4tel Le Tinsouline Zagora\",\"isPartOf\":{\"@id\":\"https:\/\/hotel-tinsouline-zagora.com\/#website\"},\"primaryImageOfPage\":{\"@id\":\"https:\/\/hotel-tinsouline-zagora.com\/activites\/#primaryimage\"},\"image\":{\"@id\":\"https:\/\/hotel-tinsouline-zagora.com\/activites\/#primaryimage\"},\"thumbnailUrl\":\"https:\/\/hotel-tinsouline-zagora.com\/wp-content\/uploads\/2023\/04\/excursion-bivouac-zagora-maroc-1-1024x563.jpg\",\"datePublished\":\"2023-04-11T15:18:56+00:00\",\"dateModified\":\"2023-04-11T15:22:35+00:00\",\"description\":\"Nos activit\u00e9s R\u00e9servez votre s\u00e9jour : Planifiez votre escapade inoubliable au c\u0153ur de l'oasis de Zagora en r\u00e9servant d\u00e8s maintenant votre s\u00e9jour \u00e0 l'h\u00f4tel\",\"breadcrumb\":{\"@id\":\"https:\/\/hotel-tinsouline-zagora.com\/activites\/#breadcrumb\"},\"inLanguage\":\"en-GB\",\"potentialAction\":[{\"@type\":\"ReadAction\",\"target\":[\"https:\/\/hotel-tinsouline-zagora.com\/activites\/\"]}]},{\"@type\":\"ImageObject\",\"inLanguage\":\"en-GB\",\"@id\":\"https:\/\/hotel-tinsouline-zagora.com\/activites\/#primaryimage\",\"url\":\"https:\/\/hotel-tinsouline-zagora.com\/wp-content\/uploads\/2023\/04\/excursion-bivouac-zagora-maroc-1.jpg\",\"contentUrl\":\"https:\/\/hotel-tinsouline-zagora.com\/wp-content\/uploads\/2023\/04\/excursion-bivouac-zagora-maroc-1.jpg\",\"width\":2000,\"height\":1100},{\"@type\":\"BreadcrumbList\",\"@id\":\"https:\/\/hotel-tinsouline-zagora.com\/activites\/#breadcrumb\",\"itemListElement\":[{\"@type\":\"ListItem\",\"position\":1,\"name\":\"Accueil\",\"item\":\"https:\/\/hotel-tinsouline-zagora.com\/\"},{\"@type\":\"ListItem\",\"position\":2,\"name\":\"Activit\u00e9s\"}]},{\"@type\":\"WebSite\",\"@id\":\"https:\/\/hotel-tinsouline-zagora.com\/#website\",\"url\":\"https:\/\/hotel-tinsouline-zagora.com\/\",\"name\":\"H\u00f4tel Le Tinsouline Zagora\",\"description\":\"Celui  qui recherche le charme et la tranquillit\u00e9 ainsi que l\u2019hospitalit\u00e9 Saharienne, se sentira  \u00e0 son aise dans ce bel h\u00f4tel, construit dans les ann\u00e9es 40 avec un  style des Ksours berb\u00e8res de la vall\u00e9e du Dr\u00e0a (Cat\u00e9gorie Marocaine ****)\",\"potentialAction\":[{\"@type\":\"SearchAction\",\"target\":{\"@type\":\"EntryPoint\",\"urlTemplate\":\"https:\/\/hotel-tinsouline-zagora.com\/?s={search_term_string}\"},\"query-input\":\"required name=search_term_string\"}],\"inLanguage\":\"en-GB\"}]}<\/script>\n<!-- \/ Yoast SEO plugin. -->","yoast_head_json":{"title":"Activit\u00e9s - H\u00f4tel Le Tinsouline Zagora","description":"Nos activit\u00e9s R\u00e9servez votre s\u00e9jour : Planifiez votre escapade inoubliable au c\u0153ur de l'oasis de Zagora en r\u00e9servant d\u00e8s maintenant votre s\u00e9jour \u00e0 l'h\u00f4tel","robots":{"index":"index","follow":"follow","max-snippet":"max-snippet:-1","max-image-preview":"max-image-preview:large","max-video-preview":"max-video-preview:-1"},"canonical":"https:\/\/hotel-tinsouline-zagora.com\/en\/activites\/","og_locale":"en_GB","og_type":"article","og_title":"Activit\u00e9s - H\u00f4tel Le Tinsouline Zagora","og_description":"Nos activit\u00e9s R\u00e9servez votre s\u00e9jour : Planifiez votre escapade inoubliable au c\u0153ur de l'oasis de Zagora en r\u00e9servant d\u00e8s maintenant votre s\u00e9jour \u00e0 l'h\u00f4tel","og_url":"https:\/\/hotel-tinsouline-zagora.com\/en\/activites\/","og_site_name":"H\u00f4tel Le Tinsouline Zagora","article_modified_time":"2023-04-11T15:22:35+00:00","og_image":[{"url":"https:\/\/hotel-tinsouline-zagora.com\/wp-content\/uploads\/2023\/04\/excursion-bivouac-zagora-maroc-1-1024x563.jpg"}],"twitter_card":"summary_large_image","twitter_misc":{"Estimated reading time":"2 minutes"},"schema":{"@context":"https:\/\/schema.org","@graph":[{"@type":"WebPage","@id":"https:\/\/hotel-tinsouline-zagora.com\/activites\/","url":"https:\/\/hotel-tinsouline-zagora.com\/activites\/","name":"Activit\u00e9s - H\u00f4tel Le Tinsouline Zagora","isPartOf":{"@id":"https:\/\/hotel-tinsouline-zagora.com\/#website"},"primaryImageOfPage":{"@id":"https:\/\/hotel-tinsouline-zagora.com\/activites\/#primaryimage"},"image":{"@id":"https:\/\/hotel-tinsouline-zagora.com\/activites\/#primaryimage"},"thumbnailUrl":"https:\/\/hotel-tinsouline-zagora.com\/wp-content\/uploads\/2023\/04\/excursion-bivouac-zagora-maroc-1-1024x563.jpg","datePublished":"2023-04-11T15:18:56+00:00","dateModified":"2023-04-11T15:22:35+00:00","description":"Nos activit\u00e9s R\u00e9servez votre s\u00e9jour : Planifiez votre escapade inoubliable au c\u0153ur de l'oasis de Zagora en r\u00e9servant d\u00e8s maintenant votre s\u00e9jour \u00e0 l'h\u00f4tel","breadcrumb":{"@id":"https:\/\/hotel-tinsouline-zagora.com\/activites\/#breadcrumb"},"inLanguage":"en-GB","potentialAction":[{"@type":"ReadAction","target":["https:\/\/hotel-tinsouline-zagora.com\/activites\/"]}]},{"@type":"ImageObject","inLanguage":"en-GB","@id":"https:\/\/hotel-tinsouline-zagora.com\/activites\/#primaryimage","url":"https:\/\/hotel-tinsouline-zagora.com\/wp-content\/uploads\/2023\/04\/excursion-bivouac-zagora-maroc-1.jpg","contentUrl":"https:\/\/hotel-tinsouline-zagora.com\/wp-content\/uploads\/2023\/04\/excursion-bivouac-zagora-maroc-1.jpg","width":2000,"height":1100},{"@type":"BreadcrumbList","@id":"https:\/\/hotel-tinsouline-zagora.com\/activites\/#breadcrumb","itemListElement":[{"@type":"ListItem","position":1,"name":"Accueil","item":"https:\/\/hotel-tinsouline-zagora.com\/"},{"@type":"ListItem","position":2,"name":"Activit\u00e9s"}]},{"@type":"WebSite","@id":"https:\/\/hotel-tinsouline-zagora.com\/#website","url":"https:\/\/hotel-tinsouline-zagora.com\/","name":"H\u00f4tel Le Tinsouline Zagora","description":"Celui  qui recherche le charme et la tranquillit\u00e9 ainsi que l\u2019hospitalit\u00e9 Saharienne, se sentira  \u00e0 son aise dans ce bel h\u00f4tel, construit dans les ann\u00e9es 40 avec un  style des Ksours berb\u00e8res de la vall\u00e9e du Dr\u00e0a (Cat\u00e9gorie Marocaine ****)","potentialAction":[{"@type":"SearchAction","target":{"@type":"EntryPoint","urlTemplate":"https:\/\/hotel-tinsouline-zagora.com\/?s={search_term_string}"},"query-input":"required name=search_term_string"}],"inLanguage":"en-GB"}]}},"_links":{"self":[{"href":"https:\/\/hotel-tinsouline-zagora.com\/en\/wp-json\/wp\/v2\/pages\/532","targetHints":{"allow":["GET"]}}],"collection":[{"href":"https:\/\/hotel-tinsouline-zagora.com\/en\/wp-json\/wp\/v2\/pages"}],"about":[{"href":"https:\/\/hotel-tinsouline-zagora.com\/en\/wp-json\/wp\/v2\/types\/page"}],"author":[{"embeddable":true,"href":"https:\/\/hotel-tinsouline-zagora.com\/en\/wp-json\/wp\/v2\/users\/1"}],"replies":[{"embeddable":true,"href":"https:\/\/hotel-tinsouline-zagora.com\/en\/wp-json\/wp\/v2\/comments?post=532"}],"version-history":[{"count":5,"href":"https:\/\/hotel-tinsouline-zagora.com\/en\/wp-json\/wp\/v2\/pages\/532\/revisions"}],"predecessor-version":[{"id":555,"href":"https:\/\/hotel-tinsouline-zagora.com\/en\/wp-json\/wp\/v2\/pages\/532\/revisions\/555"}],"wp:attachment":[{"href":"https:\/\/hotel-tinsouline-zagora.com\/en\/wp-json\/wp\/v2\/media?parent=532"}],"curies":[{"name":"wp","href":"https:\/\/api.w.org\/{rel}","templated":true}]}}