{"id":10,"date":"2019-11-07T04:16:02","date_gmt":"2019-11-07T03:16:02","guid":{"rendered":"https:\/\/demosoledad.pencidesign.net\/soledad-pet-clinic-multipurpose\/?page_id=10"},"modified":"2023-12-03T12:48:49","modified_gmt":"2023-12-03T11:48:49","slug":"nos-chambres","status":"publish","type":"page","link":"https:\/\/hotel-tinsouline-zagora.com\/en\/nos-chambres\/","title":{"rendered":"Our rooms"},"content":{"rendered":"<div data-elementor-type=\"wp-page\" data-elementor-id=\"10\" class=\"elementor elementor-10\">\n\t\t\t\t\t\t<section class=\"penci-section penci-dmcheck penci-elbg-activate penci-elbg-img penci-disSticky penci-structure-30 elementor-section elementor-top-section elementor-element elementor-element-0e53f15 elementor-section-content-middle elementor-section-boxed elementor-section-height-default elementor-section-height-default\" data-id=\"0e53f15\" data-element_type=\"section\" data-settings=\"{&quot;background_background&quot;:&quot;classic&quot;}\">\n\t\t\t\t\t\t<div class=\"elementor-container elementor-column-gap-no\">\n\t\t\t\t\t<div class=\"penci-ercol-33 penci-ercol-order-1 penci-sticky-sb penci-sidebarSC   elementor-column elementor-col-33 elementor-top-column elementor-element elementor-element-f8036b4\" data-id=\"f8036b4\" data-element_type=\"column\">\n\t\t\t<div class=\"elementor-widget-wrap\">\n\t\t\t\t\t\t\t<\/div>\n\t\t<\/div>\n\t\t\t\t<div class=\"penci-ercol-33 penci-ercol-order-2 penci-sticky-sb penci-sidebarSC penci-dmcheck penci-elbg-activate  elementor-column elementor-col-33 elementor-top-column elementor-element elementor-element-f8af044\" data-id=\"f8af044\" data-element_type=\"column\" data-settings=\"{&quot;background_background&quot;:&quot;classic&quot;}\">\n\t\t\t<div class=\"elementor-widget-wrap elementor-element-populated\">\n\t\t\t\t\t\t<div class=\"elementor-element elementor-element-e71dd31 elementor-widget elementor-widget-penci-fancy_heading\" data-id=\"e71dd31\" data-element_type=\"widget\" data-widget_type=\"penci-fancy_heading.default\">\n\t\t\t\t<div class=\"elementor-widget-container\">\n\t\t\t\t\t<div class=\"penci-fancy-heading penci-heading-text-left\">\r\n\t\t\t<div class=\"penci-fancy-heading-inner\">\r\n\t\t\t\t<h2 class=\"penci-heading-title\"><span class=\"inner-tit\">Choose your stay<\/span><\/h2><div class=\"penci-separator penci-separator- penci-separator-left\"><span class=\"penci-sep_holder penci-sep_holder_l\"><span class=\"penci-sep_line\"><\/span><\/span><span class=\"penci-sep_holder penci-sep_holder_r\"><span class=\"penci-sep_line\"><\/span><\/span><\/div><div class=\"penci-heading-content entry-content\"><p>Welcome to Hotel Tinsouline, an exceptional establishment located in the city of Zagora, in the heart of the Moroccan desert. Our hotel is a choice destination for travelers seeking authenticity and a change of scenery. We offer a wide range of accommodation options to meet all expectations and budgets.<\/p>\n<p>Our range of rooms includes spacious suites, luxurious royal suites, as well as comfortable rooms, all decorated in a traditional Moroccan style with modern touches to offer you optimal comfort.<\/p>\n<\/div>\t\t\t<\/div>\r\n\t\t<\/div>\r\n\t\t\t\t<\/div>\n\t\t\t\t<\/div>\n\t\t\t\t<div class=\"elementor-element elementor-element-b0d0254 elementor-align-left elementor-widget elementor-widget-button\" data-id=\"b0d0254\" data-element_type=\"widget\" data-widget_type=\"button.default\">\n\t\t\t\t<div class=\"elementor-widget-container\">\n\t\t\t\t\t<div class=\"elementor-button-wrapper\">\n\t\t\t<a class=\"elementor-button elementor-button-link elementor-size-md\" href=\"\/en\/#resatinsouline\">\n\t\t\t\t\t\t<span class=\"elementor-button-content-wrapper\">\n\t\t\t\t\t\t<span class=\"elementor-button-text\">Book now<\/span>\n\t\t<\/span>\n\t\t\t\t\t<\/a>\n\t\t<\/div>\n\t\t\t\t<\/div>\n\t\t\t\t<\/div>\n\t\t\t\t\t<\/div>\n\t\t<\/div>\n\t\t\t\t<div class=\"penci-ercol-33 penci-ercol-order-3 penci-sticky-sb penci-sidebarSC   elementor-column elementor-col-33 elementor-top-column elementor-element elementor-element-d5eccc8\" data-id=\"d5eccc8\" data-element_type=\"column\">\n\t\t\t<div class=\"elementor-widget-wrap\">\n\t\t\t\t\t\t\t<\/div>\n\t\t<\/div>\n\t\t\t\t\t<\/div>\n\t\t<\/section>\n\t\t\t\t<section class=\"penci-section penci-disSticky penci-structure-10 elementor-section elementor-top-section elementor-element elementor-element-345c1d5 elementor-section-full_width elementor-section-content-middle elementor-section-height-default elementor-section-height-default\" data-id=\"345c1d5\" data-element_type=\"section\">\n\t\t\t\t\t\t<div class=\"elementor-container elementor-column-gap-no\">\n\t\t\t\t\t<div class=\"penci-ercol-100 penci-ercol-order-1 penci-sticky-ct  penci-dmcheck penci-elbg-activate  elementor-column elementor-col-100 elementor-top-column elementor-element elementor-element-b241965\" data-id=\"b241965\" data-element_type=\"column\" data-settings=\"{&quot;background_background&quot;:&quot;classic&quot;}\">\n\t\t\t<div class=\"elementor-widget-wrap\">\n\t\t\t\t\t\t\t<\/div>\n\t\t<\/div>\n\t\t\t\t\t<\/div>\n\t\t<\/section>\n\t\t\t\t<section class=\"penci-section penci-disSticky penci-structure-20 elementor-section elementor-top-section elementor-element elementor-element-697c4d97 elementor-section-content-middle elementor-section-boxed elementor-section-height-default elementor-section-height-default\" data-id=\"697c4d97\" data-element_type=\"section\">\n\t\t\t\t\t\t<div class=\"elementor-container elementor-column-gap-no\">\n\t\t\t\t\t<div class=\"penci-ercol-50 penci-ercol-order-1 penci-sticky-ct    elementor-column elementor-col-50 elementor-top-column elementor-element elementor-element-6ed0904b\" data-id=\"6ed0904b\" data-element_type=\"column\">\n\t\t\t<div class=\"elementor-widget-wrap elementor-element-populated\">\n\t\t\t\t\t\t<div class=\"elementor-element elementor-element-277ec1eb elementor-invisible elementor-widget elementor-widget-image\" data-id=\"277ec1eb\" data-element_type=\"widget\" data-settings=\"{&quot;_animation&quot;:&quot;fadeInDown&quot;}\" data-widget_type=\"image.default\">\n\t\t\t\t<div class=\"elementor-widget-container\">\n\t\t\t<style>\/*! elementor - v3.19.0 - 28-02-2024 *\/\n.elementor-widget-image{text-align:center}.elementor-widget-image a{display:inline-block}.elementor-widget-image a img[src$=\".svg\"]{width:48px}.elementor-widget-image img{vertical-align:middle;display:inline-block}<\/style>\t\t\t\t\t\t\t\t\t\t<img decoding=\"async\" src=\"https:\/\/old.hotel-tinsouline-zagora.com\/images\/chambre-hotel-desert-zagora-maroc.jpg\" title=\"\" alt=\"\" class=\"elementor-animation-grow\" loading=\"lazy\" \/>\t\t\t\t\t\t\t\t\t\t\t\t\t<\/div>\n\t\t\t\t<\/div>\n\t\t\t\t\t<\/div>\n\t\t<\/div>\n\t\t\t\t<div class=\"penci-ercol-50 penci-ercol-order-2 penci-sticky-ct    elementor-column elementor-col-50 elementor-top-column elementor-element elementor-element-69fcf557\" data-id=\"69fcf557\" data-element_type=\"column\">\n\t\t\t<div class=\"elementor-widget-wrap elementor-element-populated\">\n\t\t\t\t\t\t<div class=\"elementor-element elementor-element-35ac926 elementor-widget elementor-widget-penci-fancy_heading\" data-id=\"35ac926\" data-element_type=\"widget\" data-widget_type=\"penci-fancy_heading.default\">\n\t\t\t\t<div class=\"elementor-widget-container\">\n\t\t\t\t\t<div class=\"penci-fancy-heading penci-heading-text-left\">\r\n\t\t\t<div class=\"penci-fancy-heading-inner\">\r\n\t\t\t\t<h2 class=\"penci-heading-title\"><span class=\"inner-tit\">Suites<\/span><\/h2><div class=\"penci-heading-content entry-content\"><p>The suites at Tinsouline Hotel offer a spacious and elegant living area. Each suite is equipped with a large comfortable bed, a private bathroom with a bathtub, a telephone, air conditioning, and a seating area... The suites also offer stunning views of the surrounding palm grove.<\/p>\n<\/div>\t\t\t<\/div>\r\n\t\t<\/div>\r\n\t\t\t\t<\/div>\n\t\t\t\t<\/div>\n\t\t\t\t<div class=\"elementor-element elementor-element-53247c77 elementor-widget elementor-widget-penci-button\" data-id=\"53247c77\" data-element_type=\"widget\" data-widget_type=\"penci-button.default\">\n\t\t\t\t<div class=\"elementor-widget-container\">\n\t\t\t\t\t<div class=\"pcbtn-wrapper pcbtn-align-none\">\r\n\t\t\t<a class=\"pcbtn pcbtn-icon-right pcbtn-bordered pcbtn-bstyle-solid\" \r\n\t\t\t\t\t\t\t\t\t\t\t\thref=\"\/en\/#resatinsouline\">\r\n\t\t\t\t<span class=\"pcbtn-wrapperin\">\r\n\t\t\t\t\t<span class=\"pcbtn-content\">\r\n\t\t\t\t\t\t\t\t\t\tBOOK\t\t\t<i class=\"fas fa-long-arrow-alt-right\"><\/i><\/span>\r\n\t\t\t\t\t\t\t\t\t<\/span>\r\n\t\t\t<\/a>\r\n\t\t<\/div>\r\n\t\t\t\t<\/div>\n\t\t\t\t<\/div>\n\t\t\t\t\t<\/div>\n\t\t<\/div>\n\t\t\t\t\t<\/div>\n\t\t<\/section>\n\t\t\t\t<section class=\"penci-section penci-disSticky penci-structure-20 elementor-section elementor-top-section elementor-element elementor-element-ed55c39 elementor-section-content-middle elementor-section-boxed elementor-section-height-default elementor-section-height-default\" data-id=\"ed55c39\" data-element_type=\"section\">\n\t\t\t\t\t\t<div class=\"elementor-container elementor-column-gap-no\">\n\t\t\t\t\t<div class=\"penci-ercol-50 penci-ercol-order-1 penci-sticky-ct    elementor-column elementor-col-50 elementor-top-column elementor-element elementor-element-4e05cec\" data-id=\"4e05cec\" data-element_type=\"column\">\n\t\t\t<div class=\"elementor-widget-wrap elementor-element-populated\">\n\t\t\t\t\t\t<div class=\"elementor-element elementor-element-ccb7210 elementor-widget elementor-widget-penci-fancy_heading\" data-id=\"ccb7210\" data-element_type=\"widget\" data-widget_type=\"penci-fancy_heading.default\">\n\t\t\t\t<div class=\"elementor-widget-container\">\n\t\t\t\t\t<div class=\"penci-fancy-heading penci-heading-text-left\">\r\n\t\t\t<div class=\"penci-fancy-heading-inner\">\r\n\t\t\t\t<h2 class=\"penci-heading-title\"><span class=\"inner-tit\">Royal Suites<\/span><\/h2><div class=\"penci-heading-content entry-content\"><p>The Royal Suites at Hotel Tinsouline are the most luxurious in the establishment. Each Royal Suite features a large living space with a separate sitting area and bedroom, as well as a private bathroom with a bathtub. The Royal Suites are richly decorated with traditional Moroccan fabrics and furnishings, and are well-equipped to ensure your relaxation and well-being.<\/p>\n<\/div>\t\t\t<\/div>\r\n\t\t<\/div>\r\n\t\t\t\t<\/div>\n\t\t\t\t<\/div>\n\t\t\t\t<div class=\"elementor-element elementor-element-b2f3d8e elementor-widget elementor-widget-penci-button\" data-id=\"b2f3d8e\" data-element_type=\"widget\" data-widget_type=\"penci-button.default\">\n\t\t\t\t<div class=\"elementor-widget-container\">\n\t\t\t\t\t<div class=\"pcbtn-wrapper pcbtn-align-none\">\r\n\t\t\t<a class=\"pcbtn pcbtn-icon-right pcbtn-bordered pcbtn-bstyle-solid\" \r\n\t\t\t\t\t\t\t\t\t\t\t\thref=\"\/en\/#resatinsouline\">\r\n\t\t\t\t<span class=\"pcbtn-wrapperin\">\r\n\t\t\t\t\t<span class=\"pcbtn-content\">\r\n\t\t\t\t\t\t\t\t\t\tBOOK\t\t\t<i class=\"fas fa-long-arrow-alt-right\"><\/i><\/span>\r\n\t\t\t\t\t\t\t\t\t<\/span>\r\n\t\t\t<\/a>\r\n\t\t<\/div>\r\n\t\t\t\t<\/div>\n\t\t\t\t<\/div>\n\t\t\t\t\t<\/div>\n\t\t<\/div>\n\t\t\t\t<div class=\"penci-ercol-50 penci-ercol-order-2 penci-sticky-ct    elementor-column elementor-col-50 elementor-top-column elementor-element elementor-element-85c0d71\" data-id=\"85c0d71\" data-element_type=\"column\">\n\t\t\t<div class=\"elementor-widget-wrap elementor-element-populated\">\n\t\t\t\t\t\t<div class=\"elementor-element elementor-element-5f99643 elementor-invisible elementor-widget elementor-widget-image\" data-id=\"5f99643\" data-element_type=\"widget\" data-settings=\"{&quot;_animation&quot;:&quot;fadeInDown&quot;}\" data-widget_type=\"image.default\">\n\t\t\t\t<div class=\"elementor-widget-container\">\n\t\t\t\t\t\t\t\t\t\t\t\t\t<img decoding=\"async\" src=\"https:\/\/old.hotel-tinsouline-zagora.com\/images\/hotel-maroc-desert-zagora-hotel-maroc.jpg\" title=\"\" alt=\"\" class=\"elementor-animation-grow\" loading=\"lazy\" \/>\t\t\t\t\t\t\t\t\t\t\t\t\t<\/div>\n\t\t\t\t<\/div>\n\t\t\t\t\t<\/div>\n\t\t<\/div>\n\t\t\t\t\t<\/div>\n\t\t<\/section>\n\t\t\t\t<section class=\"penci-section penci-disSticky penci-structure-20 elementor-section elementor-top-section elementor-element elementor-element-6f0472b elementor-section-content-middle elementor-section-boxed elementor-section-height-default elementor-section-height-default\" data-id=\"6f0472b\" data-element_type=\"section\">\n\t\t\t\t\t\t<div class=\"elementor-container elementor-column-gap-no\">\n\t\t\t\t\t<div class=\"penci-ercol-50 penci-ercol-order-1 penci-sticky-ct    elementor-column elementor-col-50 elementor-top-column elementor-element elementor-element-e4d2981\" data-id=\"e4d2981\" data-element_type=\"column\">\n\t\t\t<div class=\"elementor-widget-wrap elementor-element-populated\">\n\t\t\t\t\t\t<div class=\"elementor-element elementor-element-d320333 elementor-invisible elementor-widget elementor-widget-image\" data-id=\"d320333\" data-element_type=\"widget\" data-settings=\"{&quot;_animation&quot;:&quot;fadeInDown&quot;}\" data-widget_type=\"image.default\">\n\t\t\t\t<div class=\"elementor-widget-container\">\n\t\t\t\t\t\t\t\t\t\t\t\t\t<img decoding=\"async\" src=\"https:\/\/old.hotel-tinsouline-zagora.com\/images\/chambre-hotel-double-zagora-maroc.jpg\" title=\"\" alt=\"\" class=\"elementor-animation-grow\" loading=\"lazy\" \/>\t\t\t\t\t\t\t\t\t\t\t\t\t<\/div>\n\t\t\t\t<\/div>\n\t\t\t\t\t<\/div>\n\t\t<\/div>\n\t\t\t\t<div class=\"penci-ercol-50 penci-ercol-order-2 penci-sticky-ct    elementor-column elementor-col-50 elementor-top-column elementor-element elementor-element-068aaf7\" data-id=\"068aaf7\" data-element_type=\"column\">\n\t\t\t<div class=\"elementor-widget-wrap elementor-element-populated\">\n\t\t\t\t\t\t<div class=\"elementor-element elementor-element-9e59f3b elementor-widget elementor-widget-penci-fancy_heading\" data-id=\"9e59f3b\" data-element_type=\"widget\" data-widget_type=\"penci-fancy_heading.default\">\n\t\t\t\t<div class=\"elementor-widget-container\">\n\t\t\t\t\t<div class=\"penci-fancy-heading penci-heading-text-left\">\r\n\t\t\t<div class=\"penci-fancy-heading-inner\">\r\n\t\t\t\t<h2 class=\"penci-heading-title\"><span class=\"inner-tit\">Rooms<\/span><\/h2><div class=\"penci-heading-content entry-content\"><p>The rooms at Hotel Tinsouline are spacious and comfortable, with a choice of garden or palm grove views. Each room features a large comfortable bed, a private bathroom with a shower, a telephone, air conditioning, and other amenities. <\/p>\n<\/div>\t\t\t<\/div>\r\n\t\t<\/div>\r\n\t\t\t\t<\/div>\n\t\t\t\t<\/div>\n\t\t\t\t<div class=\"elementor-element elementor-element-d4acf6c elementor-widget elementor-widget-penci-button\" data-id=\"d4acf6c\" data-element_type=\"widget\" data-widget_type=\"penci-button.default\">\n\t\t\t\t<div class=\"elementor-widget-container\">\n\t\t\t\t\t<div class=\"pcbtn-wrapper pcbtn-align-none\">\r\n\t\t\t<a class=\"pcbtn pcbtn-icon-right pcbtn-bordered pcbtn-bstyle-solid\" \r\n\t\t\t\t\t\t\t\t\t\t\t\thref=\"\/en\/#resatinsouline\">\r\n\t\t\t\t<span class=\"pcbtn-wrapperin\">\r\n\t\t\t\t\t<span class=\"pcbtn-content\">\r\n\t\t\t\t\t\t\t\t\t\tBOOK\t\t\t<i class=\"fas fa-long-arrow-alt-right\"><\/i><\/span>\r\n\t\t\t\t\t\t\t\t\t<\/span>\r\n\t\t\t<\/a>\r\n\t\t<\/div>\r\n\t\t\t\t<\/div>\n\t\t\t\t<\/div>\n\t\t\t\t\t<\/div>\n\t\t<\/div>\n\t\t\t\t\t<\/div>\n\t\t<\/section>\n\t\t\t\t<\/div>","protected":false},"excerpt":{"rendered":"<p>Choisissez votre s\u00e9jour Bienvenue \u00e0 l&rsquo;H\u00f4tel Tinsouline, un \u00e9tablissement d&rsquo;exception situ\u00e9 dans la ville de Zagora, au c\u0153ur du d\u00e9sert marocain. Notre h\u00f4tel est un lieu de choix pour les&hellip;<\/p>","protected":false},"author":1,"featured_media":0,"parent":0,"menu_order":0,"comment_status":"closed","ping_status":"closed","template":"page-fullwidth.php","meta":{"footnotes":""},"class_list":["post-10","page","type-page","status-publish","hentry"],"yoast_head":"<!-- This site is optimized with the Yoast SEO plugin v22.2 - https:\/\/yoast.com\/wordpress\/plugins\/seo\/ -->\n<title>Nos chambres - H\u00f4tel Le Tinsouline Zagora<\/title>\n<meta name=\"description\" content=\"Choisissez votre s\u00e9jourBienvenue \u00e0 l&#039;H\u00f4tel Tinsouline, un \u00e9tablissement d&#039;exception situ\u00e9 dans la ville de Zagora, au c\u0153ur du d\u00e9sert marocain. Notre h\u00f4tel\" \/>\n<meta name=\"robots\" content=\"index, follow, max-snippet:-1, max-image-preview:large, max-video-preview:-1\" \/>\n<link rel=\"canonical\" href=\"https:\/\/hotel-tinsouline-zagora.com\/en\/nos-chambres\/\" \/>\n<meta property=\"og:locale\" content=\"en_GB\" \/>\n<meta property=\"og:type\" content=\"article\" \/>\n<meta property=\"og:title\" content=\"Nos chambres - H\u00f4tel Le Tinsouline Zagora\" \/>\n<meta property=\"og:description\" content=\"Choisissez votre s\u00e9jourBienvenue \u00e0 l&#039;H\u00f4tel Tinsouline, un \u00e9tablissement d&#039;exception situ\u00e9 dans la ville de Zagora, au c\u0153ur du d\u00e9sert marocain. Notre h\u00f4tel\" \/>\n<meta property=\"og:url\" content=\"https:\/\/hotel-tinsouline-zagora.com\/en\/nos-chambres\/\" \/>\n<meta property=\"og:site_name\" content=\"H\u00f4tel Le Tinsouline Zagora\" \/>\n<meta property=\"article:modified_time\" content=\"2023-12-03T11:48:49+00:00\" \/>\n<meta property=\"og:image\" content=\"https:\/\/old.hotel-tinsouline-zagora.com\/images\/chambre-hotel-desert-zagora-maroc.jpg\" \/>\n<meta name=\"twitter:card\" content=\"summary_large_image\" \/>\n<meta name=\"twitter:label1\" content=\"Estimated reading time\" \/>\n\t<meta name=\"twitter:data1\" content=\"1 minute\" \/>\n<script type=\"application\/ld+json\" class=\"yoast-schema-graph\">{\"@context\":\"https:\/\/schema.org\",\"@graph\":[{\"@type\":\"WebPage\",\"@id\":\"https:\/\/hotel-tinsouline-zagora.com\/nos-chambres\/\",\"url\":\"https:\/\/hotel-tinsouline-zagora.com\/nos-chambres\/\",\"name\":\"Nos chambres - H\u00f4tel Le Tinsouline Zagora\",\"isPartOf\":{\"@id\":\"https:\/\/hotel-tinsouline-zagora.com\/#website\"},\"primaryImageOfPage\":{\"@id\":\"https:\/\/hotel-tinsouline-zagora.com\/nos-chambres\/#primaryimage\"},\"image\":{\"@id\":\"https:\/\/hotel-tinsouline-zagora.com\/nos-chambres\/#primaryimage\"},\"thumbnailUrl\":\"https:\/\/old.hotel-tinsouline-zagora.com\/images\/chambre-hotel-desert-zagora-maroc.jpg\",\"datePublished\":\"2019-11-07T03:16:02+00:00\",\"dateModified\":\"2023-12-03T11:48:49+00:00\",\"description\":\"Choisissez votre s\u00e9jourBienvenue \u00e0 l'H\u00f4tel Tinsouline, un \u00e9tablissement d'exception situ\u00e9 dans la ville de Zagora, au c\u0153ur du d\u00e9sert marocain. Notre h\u00f4tel\",\"breadcrumb\":{\"@id\":\"https:\/\/hotel-tinsouline-zagora.com\/nos-chambres\/#breadcrumb\"},\"inLanguage\":\"en-GB\",\"potentialAction\":[{\"@type\":\"ReadAction\",\"target\":[\"https:\/\/hotel-tinsouline-zagora.com\/nos-chambres\/\"]}]},{\"@type\":\"ImageObject\",\"inLanguage\":\"en-GB\",\"@id\":\"https:\/\/hotel-tinsouline-zagora.com\/nos-chambres\/#primaryimage\",\"url\":\"https:\/\/old.hotel-tinsouline-zagora.com\/images\/chambre-hotel-desert-zagora-maroc.jpg\",\"contentUrl\":\"https:\/\/old.hotel-tinsouline-zagora.com\/images\/chambre-hotel-desert-zagora-maroc.jpg\"},{\"@type\":\"BreadcrumbList\",\"@id\":\"https:\/\/hotel-tinsouline-zagora.com\/nos-chambres\/#breadcrumb\",\"itemListElement\":[{\"@type\":\"ListItem\",\"position\":1,\"name\":\"Accueil\",\"item\":\"https:\/\/hotel-tinsouline-zagora.com\/\"},{\"@type\":\"ListItem\",\"position\":2,\"name\":\"Nos chambres\"}]},{\"@type\":\"WebSite\",\"@id\":\"https:\/\/hotel-tinsouline-zagora.com\/#website\",\"url\":\"https:\/\/hotel-tinsouline-zagora.com\/\",\"name\":\"H\u00f4tel Le Tinsouline Zagora\",\"description\":\"Celui  qui recherche le charme et la tranquillit\u00e9 ainsi que l\u2019hospitalit\u00e9 Saharienne, se sentira  \u00e0 son aise dans ce bel h\u00f4tel, construit dans les ann\u00e9es 40 avec un  style des Ksours berb\u00e8res de la vall\u00e9e du Dr\u00e0a (Cat\u00e9gorie Marocaine ****)\",\"potentialAction\":[{\"@type\":\"SearchAction\",\"target\":{\"@type\":\"EntryPoint\",\"urlTemplate\":\"https:\/\/hotel-tinsouline-zagora.com\/?s={search_term_string}\"},\"query-input\":\"required name=search_term_string\"}],\"inLanguage\":\"en-GB\"}]}<\/script>\n<!-- \/ Yoast SEO plugin. -->","yoast_head_json":{"title":"Nos chambres - H\u00f4tel Le Tinsouline Zagora","description":"Choisissez votre s\u00e9jourBienvenue \u00e0 l'H\u00f4tel Tinsouline, un \u00e9tablissement d'exception situ\u00e9 dans la ville de Zagora, au c\u0153ur du d\u00e9sert marocain. Notre h\u00f4tel","robots":{"index":"index","follow":"follow","max-snippet":"max-snippet:-1","max-image-preview":"max-image-preview:large","max-video-preview":"max-video-preview:-1"},"canonical":"https:\/\/hotel-tinsouline-zagora.com\/en\/nos-chambres\/","og_locale":"en_GB","og_type":"article","og_title":"Nos chambres - H\u00f4tel Le Tinsouline Zagora","og_description":"Choisissez votre s\u00e9jourBienvenue \u00e0 l'H\u00f4tel Tinsouline, un \u00e9tablissement d'exception situ\u00e9 dans la ville de Zagora, au c\u0153ur du d\u00e9sert marocain. Notre h\u00f4tel","og_url":"https:\/\/hotel-tinsouline-zagora.com\/en\/nos-chambres\/","og_site_name":"H\u00f4tel Le Tinsouline Zagora","article_modified_time":"2023-12-03T11:48:49+00:00","og_image":[{"url":"https:\/\/old.hotel-tinsouline-zagora.com\/images\/chambre-hotel-desert-zagora-maroc.jpg"}],"twitter_card":"summary_large_image","twitter_misc":{"Estimated reading time":"1 minute"},"schema":{"@context":"https:\/\/schema.org","@graph":[{"@type":"WebPage","@id":"https:\/\/hotel-tinsouline-zagora.com\/nos-chambres\/","url":"https:\/\/hotel-tinsouline-zagora.com\/nos-chambres\/","name":"Nos chambres - H\u00f4tel Le Tinsouline Zagora","isPartOf":{"@id":"https:\/\/hotel-tinsouline-zagora.com\/#website"},"primaryImageOfPage":{"@id":"https:\/\/hotel-tinsouline-zagora.com\/nos-chambres\/#primaryimage"},"image":{"@id":"https:\/\/hotel-tinsouline-zagora.com\/nos-chambres\/#primaryimage"},"thumbnailUrl":"https:\/\/old.hotel-tinsouline-zagora.com\/images\/chambre-hotel-desert-zagora-maroc.jpg","datePublished":"2019-11-07T03:16:02+00:00","dateModified":"2023-12-03T11:48:49+00:00","description":"Choisissez votre s\u00e9jourBienvenue \u00e0 l'H\u00f4tel Tinsouline, un \u00e9tablissement d'exception situ\u00e9 dans la ville de Zagora, au c\u0153ur du d\u00e9sert marocain. Notre h\u00f4tel","breadcrumb":{"@id":"https:\/\/hotel-tinsouline-zagora.com\/nos-chambres\/#breadcrumb"},"inLanguage":"en-GB","potentialAction":[{"@type":"ReadAction","target":["https:\/\/hotel-tinsouline-zagora.com\/nos-chambres\/"]}]},{"@type":"ImageObject","inLanguage":"en-GB","@id":"https:\/\/hotel-tinsouline-zagora.com\/nos-chambres\/#primaryimage","url":"https:\/\/old.hotel-tinsouline-zagora.com\/images\/chambre-hotel-desert-zagora-maroc.jpg","contentUrl":"https:\/\/old.hotel-tinsouline-zagora.com\/images\/chambre-hotel-desert-zagora-maroc.jpg"},{"@type":"BreadcrumbList","@id":"https:\/\/hotel-tinsouline-zagora.com\/nos-chambres\/#breadcrumb","itemListElement":[{"@type":"ListItem","position":1,"name":"Accueil","item":"https:\/\/hotel-tinsouline-zagora.com\/"},{"@type":"ListItem","position":2,"name":"Nos chambres"}]},{"@type":"WebSite","@id":"https:\/\/hotel-tinsouline-zagora.com\/#website","url":"https:\/\/hotel-tinsouline-zagora.com\/","name":"H\u00f4tel Le Tinsouline Zagora","description":"Celui  qui recherche le charme et la tranquillit\u00e9 ainsi que l\u2019hospitalit\u00e9 Saharienne, se sentira  \u00e0 son aise dans ce bel h\u00f4tel, construit dans les ann\u00e9es 40 avec un  style des Ksours berb\u00e8res de la vall\u00e9e du Dr\u00e0a (Cat\u00e9gorie Marocaine ****)","potentialAction":[{"@type":"SearchAction","target":{"@type":"EntryPoint","urlTemplate":"https:\/\/hotel-tinsouline-zagora.com\/?s={search_term_string}"},"query-input":"required name=search_term_string"}],"inLanguage":"en-GB"}]}},"_links":{"self":[{"href":"https:\/\/hotel-tinsouline-zagora.com\/en\/wp-json\/wp\/v2\/pages\/10","targetHints":{"allow":["GET"]}}],"collection":[{"href":"https:\/\/hotel-tinsouline-zagora.com\/en\/wp-json\/wp\/v2\/pages"}],"about":[{"href":"https:\/\/hotel-tinsouline-zagora.com\/en\/wp-json\/wp\/v2\/types\/page"}],"author":[{"embeddable":true,"href":"https:\/\/hotel-tinsouline-zagora.com\/en\/wp-json\/wp\/v2\/users\/1"}],"replies":[{"embeddable":true,"href":"https:\/\/hotel-tinsouline-zagora.com\/en\/wp-json\/wp\/v2\/comments?post=10"}],"version-history":[{"count":20,"href":"https:\/\/hotel-tinsouline-zagora.com\/en\/wp-json\/wp\/v2\/pages\/10\/revisions"}],"predecessor-version":[{"id":710,"href":"https:\/\/hotel-tinsouline-zagora.com\/en\/wp-json\/wp\/v2\/pages\/10\/revisions\/710"}],"wp:attachment":[{"href":"https:\/\/hotel-tinsouline-zagora.com\/en\/wp-json\/wp\/v2\/media?parent=10"}],"curies":[{"name":"wp","href":"https:\/\/api.w.org\/{rel}","templated":true}]}}